{"id":16,"date":"2023-11-06T21:17:25","date_gmt":"2023-11-06T21:17:25","guid":{"rendered":"https:\/\/quiz.opsteenmoneycoaching.com\/?page_id=16"},"modified":"2025-11-17T19:08:10","modified_gmt":"2025-11-17T19:08:10","slug":"home","status":"publish","type":"page","link":"https:\/\/quiz.opsteenmoneycoaching.com\/","title":{"rendered":"Home"},"content":{"rendered":"<div class=\"wpb-content-wrapper\">[vc_row full_width=&#8221;stretch_row&#8221; css=&#8221;.vc_custom_1739401126505{margin-top: -60px !important;padding-top: 200px !important;padding-bottom: 100px !important;padding-left: 10% !important;background-image: url(https:\/\/quiz.opsteenmoneycoaching.com\/wp-content\/uploads\/2025\/02\/Gingko_4-uitsnede-1.jpg?id=84) !important;}&#8221;][vc_column width=&#8221;3\/4&#8243;][vc_column_text css=&#8221;&#8221; el_class=&#8221;white-text&#8221;]\n<h1>Geldtypen test<\/h1>\n<p>Ons geldgedrag is geen toeval. Door te begrijpen welke archetypen jouw financi\u00eble leven be\u00efnvloeden, zet je de eerste stap naar financi\u00eble vrijheid en welzijn. Wil je groeien en je zorgen over de toekomst loslaten? Begin dan nu je reis met onze geldarchetypetest![\/vc_column_text][\/vc_column][vc_column width=&#8221;1\/4&#8243;][\/vc_column][\/vc_row][vc_row][vc_column][vc_column_text css=&#8221;&#8221;]<strong>Ontdek Jouw Geldverhaal en Transformeer Je Toekomst! <\/strong><br \/>\nHeb je ooit het gevoel dat geld vaak een bron van stress is? Wat als je jouw relatie met geld radicaal zou kunnen verbeteren? Stel je voor dat je bankrekening eindelijk groeit en je geldgedrag positief verandert! Als Certified Money Coach | CMC\u00ae kan ik je helpen om je oude gewoontes te doorbreken en een blijvende gezonde relatie met geld op te bouwen.<\/p>\n<p>Iedereen draagt een uniek geldverhaal met zich mee. Misschien ervaar je angst, schaamte, jaloezie, of zelfs onverschilligheid als het over geld gaat. Of vind je het moeilijk om openlijk over geld te praten? Het begrijpen van je geldverhaal is de sleutel tot transformatie. Wanneer je je relatie met geld verbetert, ga je je verantwoordelijk, zelfverzekerd en comfortabel voelen in je financi\u00eble leven. <a class=\"quiz\" href=\"#quiz\"><strong>Doe de gratis geldtype test nu<\/strong><em>.<\/em><\/a><\/p>\n<p><strong>De Geldarchetypetest: Jouw Sleutel tot Inzicht!<\/strong><\/p>\n<ul class=\"bullet\">\n<li>Voel je dat er altijd meer maand is dan geld?<\/li>\n<li>Lukt het nooit om je spaardoelen te bereiken?<\/li>\n<li>Moet je altijd hard werken om je inkomen te verdienen?<\/li>\n<li>Vind je dat rijke mensen gierig zijn?<\/li>\n<li>Maak je je zorgen over het nalaten van een erfenis aan je kinderen?<\/li>\n<li>Wil je liever niet bezig zijn met geld?<\/li>\n<li>Of ben je gewoon nieuwsgierig naar jouw geldgedrag?<\/li>\n<\/ul>\n<p>Geld vormt vaak de basis voor veel beslissingen in ons leven. Velen van ons besteden meer tijd aan het zorgen maken over geld dan aan het oplossen ervan. Onze opvoeding en ervaringen hebben ons misschien geleerd om niet over geld te praten of hebben negatieve herinneringen aan geld veroorzaakt. Maar hier kunnen we verandering in brengen. <a class=\"quiz\" href=\"#quiz\"><strong>Ik ben er al klaar voor.<\/strong><\/a><\/p>\n<p><strong>Welke Geldtypes Beheersen Jouw Financi\u00eble Beslissingen?<\/strong><\/p>\n<p>In Money Coaching werken we met acht geldarchetypen. Weten welk type bij jou achter het stuur zit, geeft je waardevol inzicht in jouw financi\u00eble keuzes. Ben je iemand die geldzaken uit de weg gaat? Dan zit de Na\u00efeveling wellicht aan het stuur. Of misschien ben je iemand die geld verdient maar ook snel uitgeeft? Misschien is het de Dwaas die jouw gedrag stuwt. Heb je het gevoel dat je misschien te veel deelt met anderen? Dan kan het zomaar zijn dat de Martelaar aan het stuur zit.<\/p>\n<p>Ons geldgedrag is geen toeval. Wil je groeien en je zorgen over de toekomst loslaten? Begin dan nu je reis met onze geldarchetypetest!<\/p>\n<p><strong>Waarom Deze Test Een Must-Do Is<\/strong><\/p>\n<p>De tijd voor verandering is nu! Door te begrijpen welke archetypen jouw financi\u00eble leven be\u00efnvloeden, zet je de eerste stap naar financi\u00eble vrijheid en welzijn. Na de test ontvang je onmiddellijk de uitslag in je inbox \u00e9n een exclusief vrijblijvend consult van 20 minuten waarin we je resultaten bespreken.<\/p>\n<p>Krijg inzichten die je verder helpen in je financi\u00eble reis!<\/p>\n<ol class=\"bullet\">\n<li><a class=\"quiz\" href=\"https:\/\/thehub-api.mastermind.com\/widget\/bookings\/archetypeconsultp2xjoi\"><strong>plan dus jouw consult in<\/strong><\/a><strong>,<\/strong><\/li>\n<li>doe de test hieronder en<\/li>\n<li>ontdek jouw potentieel.<\/li>\n<\/ol>\n<p>Je financi\u00eble transformatie wacht op je![\/vc_column_text][\/vc_column][\/vc_row][vc_row el_id=&#8221;quiz&#8221;][vc_column][vc_column_text css=&#8221;&#8221;]\n<h3 style=\"text-align: center;\">Vink hieronder instinctief elk woord aan dat van toepassing is op jouw gedrag, gevoel of gewoonte in relatie tot geld. Ben je klaar? Druk dan op de ZIE RESULTATEN knop en je ontvangt direct je uitslag.<\/h3>\n         <div id=\"quiz-header-images\"><\/div>\n         <div class='quiz-container_wrap container_wrap_first main_color '>\n         \n         <main class='template-page-content-units' >\n         \n         <form name=\"form2\" method=\"post\" action=\"\">\n         \n         <h3><\/h3>\n         <h3><\/h3>\n         <h3><strong><\/strong><\/h3>\n         <h3><\/h3>\n       \n         <!-- Each checkbox has a name which is passed to the results page if checked -->\n         <div class=\"quiz_table_responsive\">\n         <table class=\"temp-table-wrap quiz-table-wrap table-stripped\" align=\"center\" style=\"width:99%;\">\n         <tr class=\"qrow\">\n         <td class=\"checklist\">\n         <input type=\"checkbox\" name=\"anxious\" value=\"yes\"  class=\"\" id=\"anxious\"><label for=\"anxious\"> Zenuwachtig \/ Nerveus<\/label><\/td>\n         <td class=\"checklist\">\n         <input type=\"checkbox\" name=\"prone_to_blame\" value=\"yes\" id=\"prone_to_blame\"  class=\"\"><label for=\"prone_to_blame\"> Geeft snel een ander de schuld<\/label><\/td>\n         <td class=\"checklist\">\n         <input type=\"checkbox\" name=\"highly_emotional\" value=\"yes\"  id=\"highly_emotional\" class=\"\"><label for=\"highly_emotional\"> Snel emotioneel<\/label><\/td>\n         <\/tr>\n\n         <tr class=\"qrow\">\n         <td class=\"checklist\">\n         <input type=\"checkbox\" name=\"lives_in_past\" value=\"yes\" id=\"lives_in_past\" class=\"\"><label for=\"lives_in_past\"> Leeft in het verleden<\/label><\/td>\n         <td class=\"checklist\"> \n         <input type=\"checkbox\" name=\"financially_irrisponsible\" value=\"yes\" id=\"financially_irrisponsible\" class=\"\"><label for=\"financially_irrisponsible\"> Financieel onverantwoordelijk<\/label><\/td>\n         <td class=\"checklist\"> \n         <input type=\"checkbox\" name=\"seeks_rescue\" value=\"yes\"  id=\"seeks_rescue\" class=\"\"><label for=\"seeks_rescue\"> Zoekt naar een redder<\/label><\/td>\n         <\/tr>\n\n         <tr class=\"qrow\">\n         <td class=\"checklist\">\n         <input type=\"checkbox\" name=\"trusting\"  class=\"\" id= \"trusting\" value=\"yes\"><label for=\"trusting\"> Goedgelovig<\/label><\/td>\n         <td class=\"checklist\">\n         <input type=\"checkbox\" name=\"feels_powerless\"  id=\"feels_powerless\" class=\"\" value=\"yes\" ><label for=\"feels_powerless\"> Voelt zich krachteloos<\/label><\/td>\n         <td class=\"checklist\">\n         <input type=\"checkbox\" name=\"unforgiving\" class=\"\" id=\"unforgiving\" value=\"yes\"  class=\"\"><label for=\"unforgiving\"> Kan moeilijk vergeven<\/label><\/td>\n         <\/tr>\n\n\n         <tr class=\"qrow\">\n         <td class=\"checklist\">\n         <input type=\"checkbox\" name=\"addictive\"  class=\"\" id=\"addictive\" value=\"yes\" ><label for=\"addictive\"> Verslaafd<\/label><\/td>\n         <td class=\"checklist\">\n         <input type=\"checkbox\" name=\"self_fulfilling_prophecy\" value=\"yes\"  id=\"self_fulfilling_prophecy\" class=\"\"><label for=\"self_fulfilling_prophecy\"> Self-fulfilling prophecy<\/label><\/td>\n         <td class=\"checklist\">\n         <input type=\"checkbox\" name=\"powerful\" value=\"yes\"  id=\"powerful\" class=\"\"><label for=\"powerful\"> Krachtig<\/label><\/td>\n         <\/tr>\n\n         <tr class=\"qrow\">\n         <td class=\"checklist\">\n         <input type=\"checkbox\" name=\"naive\" value=\"yes\"  id=\"naive\" class=\"\"><label for=\"naive\"> Na\u00efef<\/label><\/td> \n         <td class=\"checklist\">\n         <input type=\"checkbox\" name=\"disciplined\" value=\"yes\"  id=\"disciplined\" class=\"\"><label for=\"disciplined\"> Gedisciplineerd<\/label><\/td>\n         <td class=\"checklist\">\n         <input type=\"checkbox\" name=\"goal_oriented\" value=\"yes\" id=\"goal_oriented\" class=\"\"><label for=\"goal_oriented\"> Doelgericht<\/label><\/td><\/tr>\n    \n         <tr class=\"qrow\">\n         <td class=\"checklist\">\n         <input type=\"checkbox\" name=\"feels_betrayed\" value=\"yes\" id=\"feels_betrayed\" class=\"\"><label for=\"feels_betrayed\"> Voelt zich verraden<\/label><\/td>\n         <td class=\"checklist\">\n         <input type=\"checkbox\" name=\"confident\" value=\"yes\" id=\"confident\" class=\"\"><label for=\"confident\"> Zelfverzekerd<\/label><\/td>\n         <td class=\"checklist\">\n         <input type=\"checkbox\" name=\"calculating\" value=\"yes\" id=\"calculating\" class=\"\"><label for=\"calculating\"> Berekenend<\/label><\/td><\/tr>\n     \n         <tr class=\"qrow\">\n         <td class=\"checklist\">\n         <input type=\"checkbox\" name=\"highly_critical\" value=\"yes\" id=\"highly_critical\"  class=\"\"><label for=\"highly_critical\"> Kritisch, snel oordelend<\/label><\/td>\n         <td class=\"checklist\">\n         <input type=\"checkbox\" name=\"judgemental\" value=\"yes\" id=\"judgemental\"  class=\"\"><label for=\"judgemental\"> Veroordelen<\/label><\/td>\n         <td class=\"checklist\">\n         <input type=\"checkbox\" name=\"lives_for_today\" value=\"yes\" id=\"lives_for_today\"  class=\"\"><label for=\"lives_for_today\"> Pluk de dag<\/label><\/td><\/tr>\n\n         <tr class=\"qrow\">\n         <td class=\"checklist\">\n         <input type=\"checkbox\" name=\"rescuer\" value=\"yes\" id=\"rescuer\" class=\"\"><label for=\"rescuer\"> Redder\n         <\/label><\/td>\n         <td class=\"checklist\">\n         <input type=\"checkbox\" name=\"careless\" value=\"yes\" id=\"careless\" class=\"\"><label for=\"careless\"> Zorgeloos \n         <\/label><\/td>\n         <td class=\"checklist\">\n         <input type=\"checkbox\" name=\"generous\" value=\"yes\" id=\"generous\"  class=\"\"><label for=\"generous\"> Vrijgevig  <\/label><\/td>\n         <\/tr>\n\n         <tr class=\"qrow\">\n         <td class=\"checklist\">\n         <input type=\"checkbox\" name=\"resourceful\" value=\"yes\" id=\"resourceful\"   class=\"\"><label for=\"resourceful\"> Vindingrijk  <\/label><\/td>\n         <td class=\"checklist\">\n         <input type=\"checkbox\" name=\"conscious\" value=\"yes\" id=\"conscious\"   class=\"\"><label for=\"conscious\"> Bewust  <\/label><\/td>\n         <td class=\"checklist\">\n         <input type=\"checkbox\" name=\"guided_by_faith\" value=\"yes\" id=\"guided_by_faith\"   class=\"\"><label for=\"guided_by_faith\"> Vol vertrouwen  <\/label><\/td><\/tr>\n\n         <tr class=\"qrow\">\n         <td class=\"checklist\">\n         <input type=\"checkbox\" name=\"manipulative\" value=\"yes\" id=\"manipulative\"   class=\"\"><label for=\"manipulative\"> Manipulatief  <\/label><\/td>\n         <td class=\"checklist\">\n         <input type=\"checkbox\" name=\"happy_go_lucky\" value=\"yes\" id=\"happy_go_lucky\"   class=\"\"><label for=\"happy_go_lucky\"> Roekeloos  <\/label><\/td>\n         <td class=\"checklist\">\n         <input type=\"checkbox\" name=\"discerning\" value=\"yes\" id=\"discerning\"   class=\"\"><label for=\"discerning\"> Veeleisend <\/label><\/td><\/tr>\n\n         <tr class=\"qrow\">\n         <td class=\"checklist\">\n         <input type=\"checkbox\" name=\"controlling\" value=\"yes\" id=\"controlling\"   class=\"\"><label for=\"controlling\"> Controlerend <\/label><\/td>\n         <td class=\"checklist\">\n         <input type=\"checkbox\" name=\"long_suffering\" value=\"yes\" id=\"long_suffering\"   class=\"\"><label for=\"long_suffering\"> Draagt lang last met zich mee  <\/label><\/td>\n         <td class=\"checklist\">\n         <input type=\"checkbox\" name=\"caretaker\" value=\"yes\" id=\"caretaker\"  class=\"\"><label for=\"caretaker\"> Zorgt voor anderen  <\/label><\/td><\/tr>\n\n         <tr class=\"qrow\">\n         <td class=\"checklist\">\n         <input type=\"checkbox\" name=\"self_sacrificing\" value=\"yes\" id=\"self_sacrificing\"  class=\"\"><label for=\"self_sacrificing\"> Zelfopofferend<\/label> <\/td>\n         <td class=\"checklist\">\n         <input type=\"checkbox\" name=\"passive_aggressive\" value=\"yes\" id=\"passive_aggressive\"  class=\"\"><label for=\"passive_aggressive\"> Passief-agressief <\/label><\/td>\n         <td class=\"checklist\">\n         <input type=\"checkbox\" name=\"resentful\" value=\"yes\" id=\"resentful\"  class=\"\"><label for=\"resentful\"> Wrokkig <\/label><\/td>\n         <\/tr>\n\n         <tr class=\"qrow\"><td class=\"checklist\">\n         <input type=\"checkbox\" name=\"compassionate\" value=\"yes\" id=\"compassionate\"  class=\"\"><label for=\"compassionate\"> Mededogend <\/label><\/td>\n         <td class=\"checklist\">\n         <input type=\"checkbox\" name=\"wise\" value=\"yes\" id=\"wise\"  class=\"\"><label for=\"wise\"> Wijs <\/label><\/td>\n         <td class=\"checklist\">\n         <input type=\"checkbox\" name=\"restless\" value=\"yes\" id=\"restless\"  class=\"\"><label for=\"restless\"> Rusteloos \n         <\/label><\/td><\/tr>\n\n         <tr class=\"qrow\">\n         <td class=\"checklist\"> \n         <input type=\"checkbox\" name=\"undisciplined\" value=\"yes\" id=\"undisciplined\"  class=\"\"><label for=\"undisciplined\"> Ongedisciplineerd  <\/label><\/td>\n         <td class=\"checklist\"> \n         <input type=\"checkbox\" name=\"financially_successful\" value=\"yes\" id=\"financially_successful\"  class=\"\"><label for=\"financially_successful\"> Financieel succesvol  <\/label><\/td>\n         <td class=\"checklist\"> \n         <input type=\"checkbox\" name=\"fearful\" value=\"yes\" id=\"fearful\"  class=\"\"><label for=\"fearful\"> Angstig  <\/label><\/td>\n         <\/tr>\n\n         <tr class=\"qrow\">\n         <td class=\"checklist\"> \n         <input type=\"checkbox\" name=\"impulsive\" value=\"yes\" id=\"impulsive\"  class=\"\"><label for=\"impulsive\"> Impulsief  <\/label><\/td>\n         <td class=\"checklist\"> \n         <input type=\"checkbox\" name=\"optimistic\" value=\"yes\" id=\"optimistic\"  class=\"\"><label for=\"optimistic\"> Overdreven Optimistisch  <\/label>\n         <\/td>\n         <td class=\"checklist\"> \n         <input type=\"checkbox\" name=\"overly_generous\" value=\"yes\" id=\"overly_generous\"  class=\"\"><label for=\"overly_generous\"> Zeer vrijgevig  <\/label><\/td><\/tr>\n\n         <tr class=\"qrow\">\n\n         <td class=\"checklist\"> \n         <input type=\"checkbox\" name=\"adventurous\" value=\"yes\" id=\"adventurous\"  class=\"\"><label for=\"adventurous\"> Avontuurlijk  <\/label><\/td>\n         <td class=\"checklist\"> \n         <input type=\"checkbox\" name=\"love_hate_relationship\" value=\"yes\" id=\"love_hate_relationship\"  class=\"\"><label for=\"love_hate_relationship\"> Haat-liefde verhouding <\/label><\/td>\n         <td class=\"checklist\"> \n         <input type=\"checkbox\" name=\"enlightened\" value=\"yes\" id=\"enlightened\"  class=\"\"><label for=\"enlightened\"> Verlicht <\/label><\/td>\n         <\/tr>\n\n         <tr class=\"qrow\">\n         <td class=\"checklist\"> \n         <input type=\"checkbox\" name=\"detached\" value=\"yes\" id=\"detached\"  class=\"\"><label for=\"detached\"> Niet-gehecht  <\/label><\/td>\n         <td class=\"checklist\"> \n         <input type=\"checkbox\" name=\"highly_materialistic\" value=\"yes\" id=\"highly_materialistic\"  class=\"\"><label for=\"highly_materialistic\"> Materialistisch <\/label><\/td>\n         <td class=\"checklist\"> \n         <input type=\"checkbox\" name=\"reclusive\" value=\"yes\" id=\"reclusive\"  class=\"\"><label for=\"reclusive\"> Teruggetrokken  <\/label><\/td>\n         <\/tr>\n\n         <tr class=\"qrow\">\n         <td class=\"checklist\"> \n         <input type=\"checkbox\" name=\"internally_motivated\" value=\"yes\" id=\"internally_motivated\"  class=\"\"><label for=\"internally_motivated\"> Innerlijk gemotiveerd <\/label><\/td>\n         <td class=\"checklist\"> \n         <input type=\"checkbox\" name=\"authentic\" value=\"yes\" id=\"authentic\"  class=\"\"><label for=\"authentic\"> Authentiek <\/label><\/td>\n         <td class=\"checklist\"> \n         <input type=\"checkbox\" name=\"non_materialistic\" value=\"yes\" id=\"non_materialistic\"  class=\"\"><label for=\"non_materialistic\"> Niet gericht op bezit  <\/label><\/td><\/tr>\n\n         <tr class=\"qrow\">\n         <td class=\"checklist\"> \n         <input type=\"checkbox\" name=\"balanced\" value=\"yes\" id=\"balanced\"  class=\"\"><label for=\"balanced\"> In evenwicht  <\/label><\/td>\n         <td class=\"checklist\"> \n         <input type=\"checkbox\" name=\"unattached\" value=\"yes\" id=\"unattached\"  class=\"\"><label for=\"unattached\"> Niet-gehecht \n         <\/label><\/td>\n         <td class=\"checklist\"> \n         <input type=\"checkbox\" name=\"indecisive\" value=\"yes\" id=\"indecisive\"  class=\"\"><label for=\"indecisive\"> Besluiteloos  <\/label><\/td> <\/tr>\n\n         <tr class=\"qrow\">\n         <td class=\"checklist\"> \n         <input type=\"checkbox\" name=\"passive\" value=\"yes\" id=\"passive\"  class=\"\"><label for=\"passive\"> Passief  <\/label><\/td>\n         <td class=\"checklist\"> \n         <input type=\"checkbox\" name=\"financially_dependant\" value=\"yes\" id=\"financially_dependant\"   class=\"\"><label for=\"financially_dependant\"> Financieel afhankelijk <\/label><\/td>\n         <td class=\"checklist\"> \n         <input type=\"checkbox\" name=\"seeks_security\" value=\"yes\" id=\"seeks_security\"  class=\"\"><label for=\"seeks_security\"> Op zoek naar zekerheid  <\/label><\/td><\/tr>\n\n         <tr class=\"qrow\">\n         <td class=\"checklist\"> \n         <input type=\"checkbox\" name=\"non_confrontational\" value=\"yes\" id=\"non_confrontational\"  class=\"\"><label for=\"non_confrontational\"> Gaat conflicten uit de weg <\/label><\/td>\n         <td class=\"checklist\"> \n         <input type=\"checkbox\" name=\"represses_feelings_and_beliefs\" value=\"yes\" id=\"represses_feelings_and_beliefs\"  class=\"\"><label for=\"represses_feelings_and_beliefs\"> Onderdrukt gevoelens en overtuigingen<\/label><\/td>\n         <td class=\"checklist\"> \n         <input type=\"checkbox\" name=\"secretive\" value=\"yes\" id=\"secretive\"  class=\"\"><label for=\"secretive\"> Geheimzinnig<\/label><\/td>\n         <\/tr>\n\n         <tr class=\"qrow\">\n         <td class=\"checklist\">  \n         <input type=\"checkbox\" name=\"creative\" value=\"yes\" id=\"creative\"  class=\"\"><label for=\"creative\"> Creatief  \n         <\/label><\/td>\n         <td class=\"checklist\">\n         <input type=\"checkbox\" name=\"obsessive_compulsive\" value=\"yes\" id=\"obsessive_compulsive\"  class=\"\"><label for=\"obsessive_compulsive\"> Obsessief<\/label><\/td>\n         <td class=\"checklist\">\n         <input type=\"checkbox\" name=\"collaborative\" value=\"yes\" id=\"collaborative\"  class=\"\"><label for=\"collaborative\"> Samenwerkend<\/label><\/td>\n         <\/tr>\n\n         <tr class=\"qrow\">\n         <td class=\"checklist\">\n         <input type=\"checkbox\" name=\"transforms_reality\" value=\"yes\" id=\"transforms_reality\"  class=\"\"><label for=\"transforms_reality\"> Transformeert de werkelijkheid<\/label><\/td>\n         <td class=\"checklist\">\n         <input type=\"checkbox\" name=\"unsupported\" value=\"yes\" id=\"unsupported\"  class=\"\"><label for=\"unsupported\"> Niet gesteund<\/label><\/td>\n         <td class=\"checklist\">\n         <input type=\"checkbox\" name=\"over_indulgent\" value=\"yes\" id=\"over_indulgent\"  class=\"\"><label for=\"over_indulgent\"> Zeer toegeeflijk<\/label><\/td>\n         <\/tr>\n\n         <tr class=\"qrow\">\n         <td class=\"checklist\">\n         <input type=\"checkbox\" name=\"spiritual\" value=\"yes\" id=\"spiritual\"  class=\"\"><label for=\"spiritual\"> Spiritueel<\/label><\/td>\n         <td class=\"checklist\">\n         <input type=\"checkbox\" name=\"reckless\" value=\"yes\" id=\"reckless\"  class=\"\"><label for=\"reckless\"> Roekeloos<\/label><\/td>\n         <td class=\"checklist\">\n         <input type=\"checkbox\" name=\"loyal\" value=\"yes\" id=\"loyal\"  class=\"\"><label for=\"loyal\"> Loyaal<\/label><\/td>\n         <\/tr>\n\n         <tr class=\"qrow\">\n         <td class=\"checklist\">\n         <input type=\"checkbox\" name=\"oppressive\" value=\"yes\" id=\"oppressive\"  class=\"\"><label for=\"oppressive\"> Onderdrukkend<\/label><\/td>\n         <td class=\"checklist\">\n         <input type=\"checkbox\" name=\"angry\" value=\"yes\" id=\"angry\"  class=\"\"><label for=\"angry\"> Boos<\/label><\/td>\n         <td class=\"checklist\">\n         <input type=\"checkbox\" name=\"conflicted\" value=\"yes\" id=\"conflicted\"  class=\"\"><label for=\"conflicted\"> In conflict<\/label><\/td><\/tr>\n\n         <tr class=\"qrow\">\n         <td class=\"checklist\">\n         <input type=\"checkbox\" name=\"perfectionist\" value=\"yes\" id=\"perfectionist\"  class=\"\"><label for=\"perfectionist\"> Perfectionist<\/label><\/td>\n         <td class=\"checklist\">\n         <input type=\"checkbox\" name=\"resistant\" value=\"yes\" id=\"resistant\"  class=\"\"><label for=\"resistant\"> In verzet<\/label><\/td>\n         <td class=\"checklist\">\n         <input type=\"checkbox\" name=\"cautious\" value=\"yes\" id=\"cautious\"  class=\"\"><label for=\"cautious\"> Voorzichtig<\/label><\/td><\/tr>\n\n\n         <\/table>\n         <\/div>\n         <div class=\"submit-btn quiz-submit-btn\">\n         <input type=\"submit\" value=\"ZIE RESULTATEN\" name=\"calculate\" class=\"submitans quiz-submitans\">\n         <\/div>\n         <div class=\"reset-btn quiz-reset-btn\">\n         <input type=\"reset\" value=\"WIS ALLES\" name=\"reset\" class=\"submitans quiz-submitans\" onClick=\"resetAll()\">\n         <\/div>\n         <\/form>      \n         <p><h3>De acht Geldtypen en de Money Type Quiz zijn afkomstig uit het boek Money Magic van Deborah L. Price \u00a9 Copyright 2001. Alle rechten zijn voorbehouden, tenzij de auteur expliciet toestemming geeft.<\/h3><\/p>\n         <!--end content-->\n         <\/main>\n         <\/div>[\/vc_column_text][\/vc_column][\/vc_row]\n<\/div>","protected":false},"excerpt":{"rendered":"<p>[vc_row full_width=&#8221;stretch_row&#8221; css=&#8221;.vc_custom_1739401126505{margin-top: -60px !important;padding-top: 200px !important;padding-bottom: 100px !important;padding-left: 10% !important;background-image: url(https:\/\/quiz.opsteenmoneycoaching.com\/wp-content\/uploads\/2025\/02\/Gingko_4-uitsnede-1.jpg?id=84) !important;}&#8221;][vc_column width=&#8221;3\/4&#8243;][vc_column_text css=&#8221;&#8221; el_class=&#8221;white-text&#8221;] Geldtypen test Ons geldgedrag [&hellip;]<\/p>\n","protected":false},"author":1,"featured_media":63,"parent":0,"menu_order":0,"comment_status":"closed","ping_status":"closed","template":"","meta":{"footnotes":""},"class_list":["post-16","page","type-page","status-publish","has-post-thumbnail","hentry"],"_links":{"self":[{"href":"https:\/\/quiz.opsteenmoneycoaching.com\/index.php\/wp-json\/wp\/v2\/pages\/16","targetHints":{"allow":["GET"]}}],"collection":[{"href":"https:\/\/quiz.opsteenmoneycoaching.com\/index.php\/wp-json\/wp\/v2\/pages"}],"about":[{"href":"https:\/\/quiz.opsteenmoneycoaching.com\/index.php\/wp-json\/wp\/v2\/types\/page"}],"author":[{"embeddable":true,"href":"https:\/\/quiz.opsteenmoneycoaching.com\/index.php\/wp-json\/wp\/v2\/users\/1"}],"replies":[{"embeddable":true,"href":"https:\/\/quiz.opsteenmoneycoaching.com\/index.php\/wp-json\/wp\/v2\/comments?post=16"}],"version-history":[{"count":24,"href":"https:\/\/quiz.opsteenmoneycoaching.com\/index.php\/wp-json\/wp\/v2\/pages\/16\/revisions"}],"predecessor-version":[{"id":160,"href":"https:\/\/quiz.opsteenmoneycoaching.com\/index.php\/wp-json\/wp\/v2\/pages\/16\/revisions\/160"}],"wp:featuredmedia":[{"embeddable":true,"href":"https:\/\/quiz.opsteenmoneycoaching.com\/index.php\/wp-json\/wp\/v2\/media\/63"}],"wp:attachment":[{"href":"https:\/\/quiz.opsteenmoneycoaching.com\/index.php\/wp-json\/wp\/v2\/media?parent=16"}],"curies":[{"name":"wp","href":"https:\/\/api.w.org\/{rel}","templated":true}]}}